{"id":183,"date":"2017-12-04T11:07:39","date_gmt":"2017-12-04T11:07:39","guid":{"rendered":"http:\/\/bridge120.qodeinteractive.com\/?page_id=183"},"modified":"2021-10-06T04:51:13","modified_gmt":"2021-10-06T04:51:13","slug":"about-us","status":"publish","type":"page","link":"https:\/\/www.ampuhjaya.co.id\/fr\/about-us\/","title":{"rendered":"\u00c0 propos de nous"},"content":{"rendered":"<div      class=\"vc_row wpb_row section vc_row-fluid  vc_custom_1512389167578 grid_section\" style=' text-align:left;'><div class=\"section_inner clearfix\"><div class='section_inner_margin clearfix'><div class=\"wpb_column vc_column_container vc_col-sm-12 vc_col-lg-6 vc_col-md-12\"><div class=\"vc_column-inner\"><div class=\"wpb_wrapper\"><div class='q_elements_holder one_column responsive_mode_from_768' ><div class='q_elements_item' data-animation='no'><div class='q_elements_item_inner'><div class='q_elements_item_content q_elements_holder_custom_890737' style='padding:5% 17% 24% 0'><style type=\"text\/css\" data-type=\"q_elements_custom_padding\" scoped>@media only screen and (min-width: 1024px) and (max-width: 1280px) { .q_elements_item_content.q_elements_holder_custom_890737{ padding: 0% 0% 24% 0 !important;}}@media only screen and (min-width: 768px) and (max-width: 1024px) { .q_elements_item_content.q_elements_holder_custom_890737{ padding: 0% 30% 5% 0 !important;}}<\/style>\n\t<div class=\"wpb_text_column wpb_content_element\">\n\t\t<div class=\"wpb_wrapper\">\n\t\t\t<h2>\u00c0 propos de nous<\/h2>\n\n\t\t<\/div> \n\t<\/div> <div class=\"separator  small left  qode-type1-gradient-left-to-right\" style=\"\"><\/div>\n\t<div class=\"vc_empty_space\"  style=\"height: 28px\" ><span\n\t\t\tclass=\"vc_empty_space_inner\">\n\t\t\t<span class=\"empty_space_image\"  ><\/span>\n\t\t<\/span><\/div>\n\n\n\t<div class=\"wpb_text_column wpb_content_element\">\n\t\t<div class=\"wpb_wrapper\">\n\t\t\t<h4 style=\"text-align: justify;\">PT. AMPUH JAYA WICAKSANA a \u00e9t\u00e9 cr\u00e9\u00e9 en 1983, l\u00e9galis\u00e9 par le notaire Adasiah Harahap, SH. Depuis sa cr\u00e9ation, on nous fait confiance pour r\u00e9pondre aux besoins d'achat d'\u00e9quipements op\u00e9rationnels pour les entreprises priv\u00e9es et gouvernementales.<\/h4>\n<p>&nbsp;<\/p>\n<h4 style=\"text-align: justify;\">Notre longue exp\u00e9rience nous a permis de comprendre les attentes de qualit\u00e9 des produits dont nos clients ont besoin. Assist\u00e9s par une \u00e9quipe de maintenance solide et une qualit\u00e9 de service constante \u00e0 chaque fois, nous nous engageons \u00e0 fournir le meilleur.<\/h4>\n<p>&nbsp;<\/p>\n<h4 style=\"text-align: justify;\">Sur la base de ce qui pr\u00e9c\u00e8de, nous sommes convaincus que nous fournirons satisfaction en r\u00e9pondant aux besoins de nos clients en termes d'achat de produits d'\u00e9quipement op\u00e9rationnel<\/h4>\n<p>&nbsp;<\/p>\n<h4 style=\"text-align: justify;\" class=\" translation-block\">L'\u00e9tendue de notre travail, sous forme d'approvisionnement en termes de\u00a0;<br>\n\u2013 Technologie de l'information<br>\n\u2013 T\u00e9l\u00e9communications<br>\n\u2013 VSAT<br>\n\u2013 ALUS<br>\n\u2013 ALINTEL<br>\n\u2013 Mat\u00e9riel policier et militaire<\/h4>\n<h3 style=\"text-align: justify;\">Vision<\/h3>\n<h4 style=\"text-align: justify;\">Devenez l'un des partenaires commerciaux professionnels sp\u00e9cialis\u00e9s dans la fourniture, la fabrication, l'entretien et la conception, la fabrication et le conseil de v\u00e9hicules sp\u00e9ciaux.<\/h4>\n<p>&nbsp;<\/p>\n<h3 style=\"text-align: justify;\">Mission<\/h3>\n<h4 style=\"text-align: justify;\">Innover les produits et les syst\u00e8mes en fonction des besoins du march\u00e9 et des d\u00e9veloppements technologiques, participer au d\u00e9veloppement, \u00e0 la construction et \u00e0 la maintenance de la conception, de la fabrication et du conseil de v\u00e9hicules \u00e0 usage sp\u00e9cial.<\/h4>\n<h4 style=\"text-align: justify;\">To improve the capacity of human resources, through continuous training programs.<\/h4>\n\n\t\t<\/div> \n\t<\/div> <\/div><\/div><\/div><\/div><\/div><\/div><\/div><div class=\"wpb_column vc_column_container vc_col-sm-12 vc_col-lg-6 vc_col-md-12\"><div class=\"vc_column-inner\"><div class=\"wpb_wrapper\">\n\t<div class=\"wpb_single_image wpb_content_element vc_align_left  qode_image_hover_zoom_in\">\n\t\t<div class=\"wpb_wrapper\">\n\t\t\t\n\t\t\t<div class=\"vc_single_image-wrapper   vc_box_border_grey\"><img width=\"800\" height=\"533\" src=\"https:\/\/www.ampuhjaya.co.id\/wp-content\/uploads\/2019\/02\/BROSUR-APC-2-Ok.jpg\" class=\"vc_single_image-img attachment-full\" alt=\"\" loading=\"lazy\" srcset=\"https:\/\/www.ampuhjaya.co.id\/wp-content\/uploads\/2019\/02\/BROSUR-APC-2-Ok.jpg 800w, https:\/\/www.ampuhjaya.co.id\/wp-content\/uploads\/2019\/02\/BROSUR-APC-2-Ok-300x200.jpg 300w, https:\/\/www.ampuhjaya.co.id\/wp-content\/uploads\/2019\/02\/BROSUR-APC-2-Ok-768x512.jpg 768w, https:\/\/www.ampuhjaya.co.id\/wp-content\/uploads\/2019\/02\/BROSUR-APC-2-Ok-700x466.jpg 700w\" sizes=\"(max-width: 800px) 100vw, 800px\" \/><\/div>\n\t\t<\/div>\n\t<\/div>\n\t<div class=\"vc_empty_space\"  style=\"height: 30px\" ><span\n\t\t\tclass=\"vc_empty_space_inner\">\n\t\t\t<span class=\"empty_space_image\"  ><\/span>\n\t\t<\/span><\/div>\n\n\n\t<div class=\"wpb_text_column wpb_content_element\">\n\t\t<div class=\"wpb_wrapper\">\n\t\t\t<h4 style=\"text-align: justify;\">Pour aider \u00e0 acqu\u00e9rir les \u00e9quipements ci-dessus, nous sommes assist\u00e9s par un r\u00e9seau \u00e9tendu et un engagement fort avec des fournisseurs de pi\u00e8ces de rechange exp\u00e9riment\u00e9s. Nous disposons \u00e9galement d'un syst\u00e8me de r\u00e9paration, d'entretien et d'approvisionnement en pi\u00e8ces d\u00e9tach\u00e9es pour tous nos produits.<\/h4>\n<p>&nbsp;<\/p>\n<h4 style=\"text-align: justify;\">TP. Ampuh Jaya Wicaksana est une entreprise sp\u00e9cialis\u00e9e dans la fabrication de v\u00e9hicules sp\u00e9ciaux. Nous avons \u00e9galement construit un atelier situ\u00e9 \u00e0 Parakan Salak \u2013 Bogor, o\u00f9 nous travaillons sur l'ensemble du processus de production.<\/h4>\n<p>&nbsp;<\/p>\n<h4 style=\"text-align: justify;\" class=\" translation-block\">Les v\u00e9hicules sp\u00e9ciaux que nous concevons et produisons ont \u00e9t\u00e9 utilis\u00e9s par plusieurs agences gouvernementales et entreprises priv\u00e9es, notamment\u00a0;<br>\nPOLRI<br>\nTNI<br>\nBNN<br>\nINDOSAT\/TPI\/IM2<br>\nAutres entreprises priv\u00e9es.<\/h4>\n<p>&nbsp;<\/p>\n<h4 style=\"text-align: justify;\">La coop\u00e9ration et l'engagement ainsi que les bonnes relations que nous entretenons avec tous les clients nous aident \u00e9galement vraiment \u00e0 travailler de mani\u00e8re optimale selon le d\u00e9lai pr\u00e9vu.<\/h4>\n<p>&nbsp;<\/p>\n<h3 style=\"text-align: justify;\">Strat\u00e9gie<\/h3>\n<h4 style=\"text-align: justify;\" class=\" translation-block\">Faire une pr\u00e9sentation<br>\nVisites aux clients (Visites Clients)<br>\nSuivez la vente aux ench\u00e8res<br>\nCoop\u00e9ration op\u00e9rationnelle<br>\nEntretien et r\u00e9paration<br>\nProjet cl\u00e9 en main<\/h4>\n\n\t\t<\/div> \n\t<\/div> <\/div><\/div><\/div><\/div><\/div><\/div><div      class=\"vc_row wpb_row section vc_row-fluid  vc_custom_1550466211379\" style=' text-align:center;'><div class=\"full_section_inner clearfix\"><div class=\"wpb_column vc_column_container vc_col-sm-12\"><div class=\"vc_column-inner\"><div class=\"wpb_wrapper\">\n\t<div class=\"wpb_text_column wpb_content_element\">\n\t\t<div class=\"wpb_wrapper\">\n\t\t\t<h2>Structure organisationnelle<\/h2>\n\n\t\t<\/div> \n\t<\/div> <div class=\"separator  small center  qode-type1-gradient-left-to-right\" style=\"\"><\/div>\n\t<div class=\"vc_empty_space\"  style=\"height: 28px\" ><span\n\t\t\tclass=\"vc_empty_space_inner\">\n\t\t\t<span class=\"empty_space_image\"  ><\/span>\n\t\t<\/span><\/div>\n\n\n\t<div class=\"wpb_single_image wpb_content_element vc_align_center\">\n\t\t<div class=\"wpb_wrapper\">\n\t\t\t\n\t\t\t<a class=\"qode-prettyphoto qode-single-image-pretty-photo\" data-rel=\"prettyPhoto[rel-183-2030032094]\" href=\"https:\/\/www.ampuhjaya.co.id\/wp-content\/uploads\/2019\/02\/struktur-organisasi-1.png\" target=\"_self\"><div class=\"vc_single_image-wrapper vc_box_shadow  vc_box_border_grey\"><img width=\"782\" height=\"604\" src=\"https:\/\/www.ampuhjaya.co.id\/wp-content\/uploads\/2019\/02\/struktur-organisasi-1.png\" class=\"vc_single_image-img attachment-full\" alt=\"\" loading=\"lazy\" srcset=\"https:\/\/www.ampuhjaya.co.id\/wp-content\/uploads\/2019\/02\/struktur-organisasi-1.png 782w, https:\/\/www.ampuhjaya.co.id\/wp-content\/uploads\/2019\/02\/struktur-organisasi-1-300x232.png 300w, https:\/\/www.ampuhjaya.co.id\/wp-content\/uploads\/2019\/02\/struktur-organisasi-1-768x593.png 768w, https:\/\/www.ampuhjaya.co.id\/wp-content\/uploads\/2019\/02\/struktur-organisasi-1-700x541.png 700w\" sizes=\"(max-width: 782px) 100vw, 782px\" \/><\/div><\/a>\n\t\t<\/div>\n\t<\/div>\n\t<div class=\"vc_empty_space\"  style=\"height: 64px\" ><span\n\t\t\tclass=\"vc_empty_space_inner\">\n\t\t\t<span class=\"empty_space_image\"  ><\/span>\n\t\t<\/span><\/div>\n\n<\/div><\/div><\/div><\/div><\/div><div      class=\"vc_row wpb_row section vc_row-fluid\" style=' text-align:left;'><div class=\"full_section_inner clearfix\"><div class=\"wpb_column vc_column_container vc_col-sm-12\"><div class=\"vc_column-inner\"><div class=\"wpb_wrapper\"><div class=\"call_to_action normal\" style=\"background-color: #00115f;padding-top: 55px;padding-bottom: 55px;\"><div class=\"container_inner\"><div class=\"two_columns_75_25 clearfix\"><div class=\"text_wrapper column1\"><div class=\"call_to_action_text\" style=\"\">\n<h3 style=\"color: white;\">Nous vous donnerons satisfaction en r\u00e9pondant \u00e0 vos besoins.<\/h3>\n<\/div><\/div><div class=\"button_wrapper column2\"><a itemprop=\"url\" href=\"https:\/\/www.ampuhjaya.co.id\/fr\/contact-us\/\" class=\"qbutton white large\" target=\"_self\" style=\"color: #ffffff;border-color: #ffffff;background-color: #dd3333;\"data-hover-background-color=\"rgba(255,255,255,0.95)\" data-hover-border-color=\"rgba(255,255,255,0.95)\" data-hover-color=\"#383838\">NOUS CONTACTER<\/a><\/div><\/div><\/div><\/div><\/div><\/div><\/div><\/div><\/div>","protected":false},"excerpt":{"rendered":"@media only screen and (min-width: 1024px) and (max-width: 1280px) { .q_elements_item_content.q_elements_holder_custom_607750{ padding: 0% 0% 24% 0 !important;}}@media only screen and (min-width: 768px) and (max-width: 1024px) { .q_elements_item_content.q_elements_holder_custom_607750{ padding: 0% 30% 5% 0 !important;}} About Us PT. AMPUH JAYA WICAKSANA was established in 1983, legalized by...","protected":false},"author":1,"featured_media":0,"parent":0,"menu_order":0,"comment_status":"closed","ping_status":"closed","template":"full_width.php","meta":[],"_links":{"self":[{"href":"https:\/\/www.ampuhjaya.co.id\/fr\/wp-json\/wp\/v2\/pages\/183"}],"collection":[{"href":"https:\/\/www.ampuhjaya.co.id\/fr\/wp-json\/wp\/v2\/pages"}],"about":[{"href":"https:\/\/www.ampuhjaya.co.id\/fr\/wp-json\/wp\/v2\/types\/page"}],"author":[{"embeddable":true,"href":"https:\/\/www.ampuhjaya.co.id\/fr\/wp-json\/wp\/v2\/users\/1"}],"replies":[{"embeddable":true,"href":"https:\/\/www.ampuhjaya.co.id\/fr\/wp-json\/wp\/v2\/comments?post=183"}],"version-history":[{"count":11,"href":"https:\/\/www.ampuhjaya.co.id\/fr\/wp-json\/wp\/v2\/pages\/183\/revisions"}],"predecessor-version":[{"id":560,"href":"https:\/\/www.ampuhjaya.co.id\/fr\/wp-json\/wp\/v2\/pages\/183\/revisions\/560"}],"wp:attachment":[{"href":"https:\/\/www.ampuhjaya.co.id\/fr\/wp-json\/wp\/v2\/media?parent=183"}],"curies":[{"name":"wp","href":"https:\/\/api.w.org\/{rel}","templated":true}]}}